{"id":15,"date":"2011-01-10T03:26:18","date_gmt":"2011-01-10T03:26:18","guid":{"rendered":"http:\/\/190.54.12.94\/~atrapasu\/?page_id=15"},"modified":"2023-05-30T14:43:10","modified_gmt":"2023-05-30T14:43:10","slug":"hazte-socio","status":"publish","type":"page","link":"https:\/\/atrapasuenos.cl\/?page_id=15","title":{"rendered":"Puedes hacer tu donaci\u00f3n aqu\u00ed \ud83d\udc47"},"content":{"rendered":"\n<p class=\"has-text-align-center\">Pincha aqu\u00ed para\ud83d\udc49 <a href=\"http:\/\/link.mercadopago.cl\/corpatrapasuenos\" target=\"_blank\" rel=\"noreferrer noopener\"><strong>Donar<\/strong><\/a> a trav\u00e9s de Mercado Pago<\/p>\n\n\n<div class=\"wp-block-image aligncenter size-full is-resized\">\n<figure class=\"\"><a href=\"http:\/\/www.atrapasuenos.cl\/wp-content\/uploads\/2023\/02\/image.png\"><img loading=\"lazy\" decoding=\"async\" src=\"http:\/\/www.atrapasuenos.cl\/wp-content\/uploads\/2023\/02\/image.png\" alt=\"\" class=\"wp-image-2279\" width=\"150\" height=\"132\" srcset=\"https:\/\/atrapasuenos.cl\/wp-content\/uploads\/2023\/02\/image.png 390w, https:\/\/atrapasuenos.cl\/wp-content\/uploads\/2023\/02\/image-300x265.png 300w, https:\/\/atrapasuenos.cl\/wp-content\/uploads\/2023\/02\/image-350x309.png 350w\" sizes=\"auto, (max-width: 150px) 100vw, 150px\" \/><\/a><figcaption class=\"wp-element-caption\"> <a href=\"http:\/\/link.mercadopago.cl\/corpatrapasuenos\" target=\"_blank\" rel=\"noreferrer noopener\">Dona aqu\u00ed<\/a><\/figcaption><\/figure><\/div>\n\n\n<p><span style=\"color: #ff99cc;\"><strong>\u00a1S\u00famate!<\/strong><\/span> Colabora con nosotros para que juntos podamos \u201cPromover las condiciones necesarias para el pleno desarrollo de personas y comunidades vulnerables de la sociedad, afectadas por problemas de Salud Mental.\u201d<\/p>\n\n\n\n<p><span style=\"color: #ff99cc;\"><strong>\u00bfC\u00f3mo ayudar?<\/strong><\/span><\/p>\n\n\n\n<ol class=\"wp-block-list\"><li>Puedes Donar directamente aqu\u00ed\ud83d\udc49\u00a0<a href=\"http:\/\/link.mercadopago.cl\/corpatrapasuenos\" target=\"_blank\" rel=\"noreferrer noopener\">Donar<\/a>\u00a0a trav\u00e9s de Mercado Pago<\/li><li>Tambi\u00e9n puedes hacerte socio de nuestra Corporaci\u00f3n, realizando aportes mensuales a trav\u00e9s de pago autom\u00e1tico desde tu cuenta corriente<\/li><\/ol>\n\n\n\n<p><span style=\"color: #ff6600;\"><strong><span style=\"color: #ff99cc;\">TU EMPRESA PUEDE SER PARTE DE NUESTRO PROYECTO: BANCO DE HORAS<\/span><\/strong><\/span><\/p>\n\n\n\n<p>Estamos inscritos en la nueva Ley de Donaciones 21.440, por lo que con tu aporte puedes tener beneficios tributarios para tu empresa ya que te entregaremos un certificado de donaci\u00f3n que te permitir\u00e1 acreditar el 100% de la donaci\u00f3n como gasto.&nbsp;Colabora con tu Donaci\u00f3n a nuestro proyecto Banco de Horas, el cual est\u00e1 aprobado por el Ministerio de Desarrollo Social y pensado para usuarias y usuarios de las Fundaciones que son nuestras Aliadas.<\/p>\n\n\n\n<p class=\"has-text-align-center\"><strong>Nuestras Alianzas:<\/strong><\/p>\n\n\n\n<div class=\"wp-block-image\"><figure class=\"aligncenter size-large is-resized\"><a href=\"https:\/\/www.atrapasuenos.cl\/wp-content\/uploads\/2023\/05\/nuestras-alianzas.jpg\"><img loading=\"lazy\" decoding=\"async\" src=\"https:\/\/www.atrapasuenos.cl\/wp-content\/uploads\/2023\/05\/nuestras-alianzas-1030x1030.jpg\" alt=\"\" class=\"wp-image-2334\" width=\"551\" height=\"551\" srcset=\"https:\/\/atrapasuenos.cl\/wp-content\/uploads\/2023\/05\/nuestras-alianzas-1030x1030.jpg 1030w, https:\/\/atrapasuenos.cl\/wp-content\/uploads\/2023\/05\/nuestras-alianzas-300x300.jpg 300w, https:\/\/atrapasuenos.cl\/wp-content\/uploads\/2023\/05\/nuestras-alianzas-80x80.jpg 80w, https:\/\/atrapasuenos.cl\/wp-content\/uploads\/2023\/05\/nuestras-alianzas-768x768.jpg 768w, https:\/\/atrapasuenos.cl\/wp-content\/uploads\/2023\/05\/nuestras-alianzas-100x100.jpg 100w, https:\/\/atrapasuenos.cl\/wp-content\/uploads\/2023\/05\/nuestras-alianzas-250x250.jpg 250w, https:\/\/atrapasuenos.cl\/wp-content\/uploads\/2023\/05\/nuestras-alianzas-350x350.jpg 350w, https:\/\/atrapasuenos.cl\/wp-content\/uploads\/2023\/05\/nuestras-alianzas.jpg 1080w\" sizes=\"auto, (max-width: 551px) 100vw, 551px\" \/><\/a><figcaption>Si requieres nuestro apoyo, puedes ser parte de nuestros aliados. Cont\u00e1ctanos: contacto@atrapasuenos.cl<\/figcaption><\/figure><\/div>\n\n\n\n<p>Con este Proyecto entregamos atenciones de Salud Mental, garantizando<strong>&nbsp;<span style=\"color: #ff99cc;\">&nbsp;tratamiento psicol\u00f3gico, psiqui\u00e1trico y farmacol\u00f3gico gratuito <\/span><\/strong>a personas vulnerables que no pueden acceder a estos tratamientos en su propio sistema de salud.<\/p>\n","protected":false},"excerpt":{"rendered":"<p>Pincha aqu\u00ed para\ud83d\udc49 Donar a trav\u00e9s de Mercado Pago \u00a1S\u00famate! Colabora con nosotros para que juntos podamos \u201cPromover las condiciones necesarias para el pleno desarrollo de personas y comunidades vulnerables de la sociedad, afectadas por problemas de Salud Mental.\u201d \u00bfC\u00f3mo ayudar? Puedes Donar directamente aqu\u00ed\ud83d\udc49\u00a0Donar\u00a0a trav\u00e9s de Mercado Pago Tambi\u00e9n puedes hacerte socio de nuestra Corporaci\u00f3n, realizando aportes mensuales a [&hellip;]<\/p>\n","protected":false},"author":3,"featured_media":0,"parent":0,"menu_order":6,"comment_status":"closed","ping_status":"closed","template":"","meta":{"footnotes":""},"class_list":["post-15","page","type-page","status-publish","hentry"],"yoast_head":"<!-- This site is optimized with the Yoast SEO plugin v23.4 - https:\/\/yoast.com\/wordpress\/plugins\/seo\/ -->\n<title>Puedes hacer tu donaci\u00f3n aqu\u00ed \ud83d\udc47 - Corporaci\u00f3n Atrapasue\u00f1os<\/title>\n<meta name=\"description\" content=\"\u00a1S\u00famate a nuestra causa! Hazte socio de Corporaci\u00f3n Atrapasue\u00f1os y colabora con nosotros ayudando a madres en situaci\u00f3n de vulnerabilidad\" \/>\n<meta name=\"robots\" content=\"index, follow, max-snippet:-1, max-image-preview:large, max-video-preview:-1\" \/>\n<link rel=\"canonical\" href=\"https:\/\/atrapasuenos.cl\/?page_id=15\" \/>\n<meta property=\"og:locale\" content=\"es_ES\" \/>\n<meta property=\"og:type\" content=\"article\" \/>\n<meta property=\"og:title\" content=\"Puedes hacer tu donaci\u00f3n aqu\u00ed \ud83d\udc47 - Corporaci\u00f3n Atrapasue\u00f1os\" \/>\n<meta property=\"og:description\" content=\"\u00a1S\u00famate a nuestra causa! Hazte socio de Corporaci\u00f3n Atrapasue\u00f1os y colabora con nosotros ayudando a madres en situaci\u00f3n de vulnerabilidad\" \/>\n<meta property=\"og:url\" content=\"https:\/\/atrapasuenos.cl\/?page_id=15\" \/>\n<meta property=\"og:site_name\" content=\"Corporaci\u00f3n Atrapasue\u00f1os\" \/>\n<meta property=\"article:publisher\" content=\"https:\/\/www.facebook.com\/atrapasuenos.cl\" \/>\n<meta property=\"article:modified_time\" content=\"2023-05-30T14:43:10+00:00\" \/>\n<meta property=\"og:image\" content=\"http:\/\/www.atrapasuenos.cl\/wp-content\/uploads\/2023\/02\/image.png\" \/>\n<meta name=\"twitter:card\" content=\"summary_large_image\" \/>\n<meta name=\"twitter:label1\" content=\"Tiempo de lectura\" \/>\n\t<meta name=\"twitter:data1\" content=\"2 minutos\" \/>\n<script type=\"application\/ld+json\" class=\"yoast-schema-graph\">{\"@context\":\"https:\/\/schema.org\",\"@graph\":[{\"@type\":\"WebPage\",\"@id\":\"https:\/\/atrapasuenos.cl\/?page_id=15\",\"url\":\"https:\/\/atrapasuenos.cl\/?page_id=15\",\"name\":\"Puedes hacer tu donaci\u00f3n aqu\u00ed \ud83d\udc47 - Corporaci\u00f3n Atrapasue\u00f1os\",\"isPartOf\":{\"@id\":\"https:\/\/atrapasuenos.cl\/#website\"},\"primaryImageOfPage\":{\"@id\":\"https:\/\/atrapasuenos.cl\/?page_id=15#primaryimage\"},\"image\":{\"@id\":\"https:\/\/atrapasuenos.cl\/?page_id=15#primaryimage\"},\"thumbnailUrl\":\"http:\/\/www.atrapasuenos.cl\/wp-content\/uploads\/2023\/02\/image.png\",\"datePublished\":\"2011-01-10T03:26:18+00:00\",\"dateModified\":\"2023-05-30T14:43:10+00:00\",\"description\":\"\u00a1S\u00famate a nuestra causa! Hazte socio de Corporaci\u00f3n Atrapasue\u00f1os y colabora con nosotros ayudando a madres en situaci\u00f3n de vulnerabilidad\",\"breadcrumb\":{\"@id\":\"https:\/\/atrapasuenos.cl\/?page_id=15#breadcrumb\"},\"inLanguage\":\"es\",\"potentialAction\":[{\"@type\":\"ReadAction\",\"target\":[\"https:\/\/atrapasuenos.cl\/?page_id=15\"]}]},{\"@type\":\"ImageObject\",\"inLanguage\":\"es\",\"@id\":\"https:\/\/atrapasuenos.cl\/?page_id=15#primaryimage\",\"url\":\"http:\/\/www.atrapasuenos.cl\/wp-content\/uploads\/2023\/02\/image.png\",\"contentUrl\":\"http:\/\/www.atrapasuenos.cl\/wp-content\/uploads\/2023\/02\/image.png\"},{\"@type\":\"BreadcrumbList\",\"@id\":\"https:\/\/atrapasuenos.cl\/?page_id=15#breadcrumb\",\"itemListElement\":[{\"@type\":\"ListItem\",\"position\":1,\"name\":\"Portada\",\"item\":\"https:\/\/atrapasuenos.cl\/\"},{\"@type\":\"ListItem\",\"position\":2,\"name\":\"Puedes hacer tu donaci\u00f3n aqu\u00ed \ud83d\udc47\"}]},{\"@type\":\"WebSite\",\"@id\":\"https:\/\/atrapasuenos.cl\/#website\",\"url\":\"https:\/\/atrapasuenos.cl\/\",\"name\":\"Corporaci\u00f3n Atrapasue\u00f1os\",\"description\":\"ILUMINA UNA VIDA, DONA SALUD MENTAL\",\"publisher\":{\"@id\":\"https:\/\/atrapasuenos.cl\/#organization\"},\"potentialAction\":[{\"@type\":\"SearchAction\",\"target\":{\"@type\":\"EntryPoint\",\"urlTemplate\":\"https:\/\/atrapasuenos.cl\/?s={search_term_string}\"},\"query-input\":{\"@type\":\"PropertyValueSpecification\",\"valueRequired\":true,\"valueName\":\"search_term_string\"}}],\"inLanguage\":\"es\"},{\"@type\":\"Organization\",\"@id\":\"https:\/\/atrapasuenos.cl\/#organization\",\"name\":\"Corporaci\u00f3n Atrapasue\u00f1os\",\"url\":\"https:\/\/atrapasuenos.cl\/\",\"logo\":{\"@type\":\"ImageObject\",\"inLanguage\":\"es\",\"@id\":\"https:\/\/atrapasuenos.cl\/#\/schema\/logo\/image\/\",\"url\":\"http:\/\/www.atrapasuenos.cl\/wp-content\/uploads\/2021\/12\/GC_ATRAPASUENOS.png\",\"contentUrl\":\"http:\/\/www.atrapasuenos.cl\/wp-content\/uploads\/2021\/12\/GC_ATRAPASUENOS.png\",\"width\":300,\"height\":300,\"caption\":\"Corporaci\u00f3n Atrapasue\u00f1os\"},\"image\":{\"@id\":\"https:\/\/atrapasuenos.cl\/#\/schema\/logo\/image\/\"},\"sameAs\":[\"https:\/\/www.facebook.com\/atrapasuenos.cl\",\"https:\/\/www.instagram.com\/atrapasuenos.corp\/\"]}]}<\/script>\n<!-- \/ Yoast SEO plugin. -->","yoast_head_json":{"title":"Puedes hacer tu donaci\u00f3n aqu\u00ed \ud83d\udc47 - Corporaci\u00f3n Atrapasue\u00f1os","description":"\u00a1S\u00famate a nuestra causa! Hazte socio de Corporaci\u00f3n Atrapasue\u00f1os y colabora con nosotros ayudando a madres en situaci\u00f3n de vulnerabilidad","robots":{"index":"index","follow":"follow","max-snippet":"max-snippet:-1","max-image-preview":"max-image-preview:large","max-video-preview":"max-video-preview:-1"},"canonical":"https:\/\/atrapasuenos.cl\/?page_id=15","og_locale":"es_ES","og_type":"article","og_title":"Puedes hacer tu donaci\u00f3n aqu\u00ed \ud83d\udc47 - Corporaci\u00f3n Atrapasue\u00f1os","og_description":"\u00a1S\u00famate a nuestra causa! Hazte socio de Corporaci\u00f3n Atrapasue\u00f1os y colabora con nosotros ayudando a madres en situaci\u00f3n de vulnerabilidad","og_url":"https:\/\/atrapasuenos.cl\/?page_id=15","og_site_name":"Corporaci\u00f3n Atrapasue\u00f1os","article_publisher":"https:\/\/www.facebook.com\/atrapasuenos.cl","article_modified_time":"2023-05-30T14:43:10+00:00","og_image":[{"url":"http:\/\/www.atrapasuenos.cl\/wp-content\/uploads\/2023\/02\/image.png"}],"twitter_card":"summary_large_image","twitter_misc":{"Tiempo de lectura":"2 minutos"},"schema":{"@context":"https:\/\/schema.org","@graph":[{"@type":"WebPage","@id":"https:\/\/atrapasuenos.cl\/?page_id=15","url":"https:\/\/atrapasuenos.cl\/?page_id=15","name":"Puedes hacer tu donaci\u00f3n aqu\u00ed \ud83d\udc47 - Corporaci\u00f3n Atrapasue\u00f1os","isPartOf":{"@id":"https:\/\/atrapasuenos.cl\/#website"},"primaryImageOfPage":{"@id":"https:\/\/atrapasuenos.cl\/?page_id=15#primaryimage"},"image":{"@id":"https:\/\/atrapasuenos.cl\/?page_id=15#primaryimage"},"thumbnailUrl":"http:\/\/www.atrapasuenos.cl\/wp-content\/uploads\/2023\/02\/image.png","datePublished":"2011-01-10T03:26:18+00:00","dateModified":"2023-05-30T14:43:10+00:00","description":"\u00a1S\u00famate a nuestra causa! Hazte socio de Corporaci\u00f3n Atrapasue\u00f1os y colabora con nosotros ayudando a madres en situaci\u00f3n de vulnerabilidad","breadcrumb":{"@id":"https:\/\/atrapasuenos.cl\/?page_id=15#breadcrumb"},"inLanguage":"es","potentialAction":[{"@type":"ReadAction","target":["https:\/\/atrapasuenos.cl\/?page_id=15"]}]},{"@type":"ImageObject","inLanguage":"es","@id":"https:\/\/atrapasuenos.cl\/?page_id=15#primaryimage","url":"http:\/\/www.atrapasuenos.cl\/wp-content\/uploads\/2023\/02\/image.png","contentUrl":"http:\/\/www.atrapasuenos.cl\/wp-content\/uploads\/2023\/02\/image.png"},{"@type":"BreadcrumbList","@id":"https:\/\/atrapasuenos.cl\/?page_id=15#breadcrumb","itemListElement":[{"@type":"ListItem","position":1,"name":"Portada","item":"https:\/\/atrapasuenos.cl\/"},{"@type":"ListItem","position":2,"name":"Puedes hacer tu donaci\u00f3n aqu\u00ed \ud83d\udc47"}]},{"@type":"WebSite","@id":"https:\/\/atrapasuenos.cl\/#website","url":"https:\/\/atrapasuenos.cl\/","name":"Corporaci\u00f3n Atrapasue\u00f1os","description":"ILUMINA UNA VIDA, DONA SALUD MENTAL","publisher":{"@id":"https:\/\/atrapasuenos.cl\/#organization"},"potentialAction":[{"@type":"SearchAction","target":{"@type":"EntryPoint","urlTemplate":"https:\/\/atrapasuenos.cl\/?s={search_term_string}"},"query-input":{"@type":"PropertyValueSpecification","valueRequired":true,"valueName":"search_term_string"}}],"inLanguage":"es"},{"@type":"Organization","@id":"https:\/\/atrapasuenos.cl\/#organization","name":"Corporaci\u00f3n Atrapasue\u00f1os","url":"https:\/\/atrapasuenos.cl\/","logo":{"@type":"ImageObject","inLanguage":"es","@id":"https:\/\/atrapasuenos.cl\/#\/schema\/logo\/image\/","url":"http:\/\/www.atrapasuenos.cl\/wp-content\/uploads\/2021\/12\/GC_ATRAPASUENOS.png","contentUrl":"http:\/\/www.atrapasuenos.cl\/wp-content\/uploads\/2021\/12\/GC_ATRAPASUENOS.png","width":300,"height":300,"caption":"Corporaci\u00f3n Atrapasue\u00f1os"},"image":{"@id":"https:\/\/atrapasuenos.cl\/#\/schema\/logo\/image\/"},"sameAs":["https:\/\/www.facebook.com\/atrapasuenos.cl","https:\/\/www.instagram.com\/atrapasuenos.corp\/"]}]}},"_links":{"self":[{"href":"https:\/\/atrapasuenos.cl\/index.php?rest_route=\/wp\/v2\/pages\/15","targetHints":{"allow":["GET"]}}],"collection":[{"href":"https:\/\/atrapasuenos.cl\/index.php?rest_route=\/wp\/v2\/pages"}],"about":[{"href":"https:\/\/atrapasuenos.cl\/index.php?rest_route=\/wp\/v2\/types\/page"}],"author":[{"embeddable":true,"href":"https:\/\/atrapasuenos.cl\/index.php?rest_route=\/wp\/v2\/users\/3"}],"replies":[{"embeddable":true,"href":"https:\/\/atrapasuenos.cl\/index.php?rest_route=%2Fwp%2Fv2%2Fcomments&post=15"}],"version-history":[{"count":38,"href":"https:\/\/atrapasuenos.cl\/index.php?rest_route=\/wp\/v2\/pages\/15\/revisions"}],"predecessor-version":[{"id":2336,"href":"https:\/\/atrapasuenos.cl\/index.php?rest_route=\/wp\/v2\/pages\/15\/revisions\/2336"}],"wp:attachment":[{"href":"https:\/\/atrapasuenos.cl\/index.php?rest_route=%2Fwp%2Fv2%2Fmedia&parent=15"}],"curies":[{"name":"wp","href":"https:\/\/api.w.org\/{rel}","templated":true}]}}