{"id":2355,"date":"2023-07-24T21:24:22","date_gmt":"2023-07-24T21:24:22","guid":{"rendered":"https:\/\/qa.atrapasuenos.cl\/?page_id=2355"},"modified":"2023-08-01T21:17:56","modified_gmt":"2023-08-01T21:17:56","slug":"nuestro-proposito","status":"publish","type":"page","link":"https:\/\/atrapasuenos.cl\/?page_id=2355","title":{"rendered":"NUESTRO PROP\u00d3SITO"},"content":{"rendered":"\n<p class=\"has-text-align-center has-white-background-color has-background\"><mark style=\"background-color:rgba(0, 0, 0, 0)\" class=\"has-inline-color has-black-color\">Atrapasue\u00f1os surge con el prop\u00f3sito de desarrollar estrategias y oportunidades para comunidades vulnerables que se encuentran en riesgo psicosocial y que est\u00e1n afectadas por alguna condici\u00f3n de Salud Mental y no tienen los recursos para acceder a ella.<\/mark><\/p>\n\n\n<div class=\"wp-block-image\">\n<figure class=\"aligncenter size-large is-resized\"><a href=\"https:\/\/qa.atrapasuenos.cl\/wp-content\/uploads\/2023\/07\/9-1.jpg\"><img loading=\"lazy\" decoding=\"async\" src=\"https:\/\/qa.atrapasuenos.cl\/wp-content\/uploads\/2023\/07\/9-1-1030x579.jpg\" alt=\"\" class=\"wp-image-2535\" width=\"746\" height=\"419\" srcset=\"https:\/\/atrapasuenos.cl\/wp-content\/uploads\/2023\/07\/9-1-1030x579.jpg 1030w, https:\/\/atrapasuenos.cl\/wp-content\/uploads\/2023\/07\/9-1-300x169.jpg 300w, https:\/\/atrapasuenos.cl\/wp-content\/uploads\/2023\/07\/9-1-768x432.jpg 768w, https:\/\/atrapasuenos.cl\/wp-content\/uploads\/2023\/07\/9-1-1536x864.jpg 1536w, https:\/\/atrapasuenos.cl\/wp-content\/uploads\/2023\/07\/9-1.jpg 1920w\" sizes=\"auto, (max-width: 746px) 100vw, 746px\" \/><\/a><\/figure><\/div>","protected":false},"excerpt":{"rendered":"<p>Atrapasue\u00f1os surge con el prop\u00f3sito de desarrollar estrategias y oportunidades para comunidades vulnerables que se encuentran en riesgo psicosocial y que est\u00e1n afectadas por alguna condici\u00f3n de Salud Mental y no tienen los recursos para acceder a ella.<\/p>\n","protected":false},"author":3,"featured_media":0,"parent":0,"menu_order":0,"comment_status":"closed","ping_status":"closed","template":"","meta":{"footnotes":""},"class_list":["post-2355","page","type-page","status-publish","hentry"],"yoast_head":"<!-- This site is optimized with the Yoast SEO plugin v23.4 - https:\/\/yoast.com\/wordpress\/plugins\/seo\/ -->\n<title>NUESTRO PROP\u00d3SITO - Corporaci\u00f3n Atrapasue\u00f1os<\/title>\n<meta name=\"robots\" content=\"index, follow, max-snippet:-1, max-image-preview:large, max-video-preview:-1\" \/>\n<link rel=\"canonical\" href=\"https:\/\/atrapasuenos.cl\/?page_id=2355\" \/>\n<meta property=\"og:locale\" content=\"es_ES\" \/>\n<meta property=\"og:type\" content=\"article\" \/>\n<meta property=\"og:title\" content=\"NUESTRO PROP\u00d3SITO - Corporaci\u00f3n Atrapasue\u00f1os\" \/>\n<meta property=\"og:description\" content=\"Atrapasue\u00f1os surge con el prop\u00f3sito de desarrollar estrategias y oportunidades para comunidades vulnerables que se encuentran en riesgo psicosocial y que est\u00e1n afectadas por alguna condici\u00f3n de Salud Mental y no tienen los recursos para acceder a ella.\" \/>\n<meta property=\"og:url\" content=\"https:\/\/atrapasuenos.cl\/?page_id=2355\" \/>\n<meta property=\"og:site_name\" content=\"Corporaci\u00f3n Atrapasue\u00f1os\" \/>\n<meta property=\"article:publisher\" content=\"https:\/\/www.facebook.com\/atrapasuenos.cl\" \/>\n<meta property=\"article:modified_time\" content=\"2023-08-01T21:17:56+00:00\" \/>\n<meta property=\"og:image\" content=\"https:\/\/qa.atrapasuenos.cl\/wp-content\/uploads\/2023\/07\/9-1-1030x579.jpg\" \/>\n<meta name=\"twitter:card\" content=\"summary_large_image\" \/>\n<meta name=\"twitter:label1\" content=\"Tiempo de lectura\" \/>\n\t<meta name=\"twitter:data1\" content=\"1 minuto\" \/>\n<script type=\"application\/ld+json\" class=\"yoast-schema-graph\">{\"@context\":\"https:\/\/schema.org\",\"@graph\":[{\"@type\":\"WebPage\",\"@id\":\"https:\/\/atrapasuenos.cl\/?page_id=2355\",\"url\":\"https:\/\/atrapasuenos.cl\/?page_id=2355\",\"name\":\"NUESTRO PROP\u00d3SITO - Corporaci\u00f3n Atrapasue\u00f1os\",\"isPartOf\":{\"@id\":\"https:\/\/atrapasuenos.cl\/#website\"},\"primaryImageOfPage\":{\"@id\":\"https:\/\/atrapasuenos.cl\/?page_id=2355#primaryimage\"},\"image\":{\"@id\":\"https:\/\/atrapasuenos.cl\/?page_id=2355#primaryimage\"},\"thumbnailUrl\":\"https:\/\/qa.atrapasuenos.cl\/wp-content\/uploads\/2023\/07\/9-1-1030x579.jpg\",\"datePublished\":\"2023-07-24T21:24:22+00:00\",\"dateModified\":\"2023-08-01T21:17:56+00:00\",\"breadcrumb\":{\"@id\":\"https:\/\/atrapasuenos.cl\/?page_id=2355#breadcrumb\"},\"inLanguage\":\"es\",\"potentialAction\":[{\"@type\":\"ReadAction\",\"target\":[\"https:\/\/atrapasuenos.cl\/?page_id=2355\"]}]},{\"@type\":\"ImageObject\",\"inLanguage\":\"es\",\"@id\":\"https:\/\/atrapasuenos.cl\/?page_id=2355#primaryimage\",\"url\":\"https:\/\/qa.atrapasuenos.cl\/wp-content\/uploads\/2023\/07\/9-1-1030x579.jpg\",\"contentUrl\":\"https:\/\/qa.atrapasuenos.cl\/wp-content\/uploads\/2023\/07\/9-1-1030x579.jpg\"},{\"@type\":\"BreadcrumbList\",\"@id\":\"https:\/\/atrapasuenos.cl\/?page_id=2355#breadcrumb\",\"itemListElement\":[{\"@type\":\"ListItem\",\"position\":1,\"name\":\"Portada\",\"item\":\"https:\/\/atrapasuenos.cl\/\"},{\"@type\":\"ListItem\",\"position\":2,\"name\":\"NUESTRO PROP\u00d3SITO\"}]},{\"@type\":\"WebSite\",\"@id\":\"https:\/\/atrapasuenos.cl\/#website\",\"url\":\"https:\/\/atrapasuenos.cl\/\",\"name\":\"Corporaci\u00f3n Atrapasue\u00f1os\",\"description\":\"ILUMINA UNA VIDA, DONA SALUD MENTAL\",\"publisher\":{\"@id\":\"https:\/\/atrapasuenos.cl\/#organization\"},\"potentialAction\":[{\"@type\":\"SearchAction\",\"target\":{\"@type\":\"EntryPoint\",\"urlTemplate\":\"https:\/\/atrapasuenos.cl\/?s={search_term_string}\"},\"query-input\":{\"@type\":\"PropertyValueSpecification\",\"valueRequired\":true,\"valueName\":\"search_term_string\"}}],\"inLanguage\":\"es\"},{\"@type\":\"Organization\",\"@id\":\"https:\/\/atrapasuenos.cl\/#organization\",\"name\":\"Corporaci\u00f3n Atrapasue\u00f1os\",\"url\":\"https:\/\/atrapasuenos.cl\/\",\"logo\":{\"@type\":\"ImageObject\",\"inLanguage\":\"es\",\"@id\":\"https:\/\/atrapasuenos.cl\/#\/schema\/logo\/image\/\",\"url\":\"http:\/\/www.atrapasuenos.cl\/wp-content\/uploads\/2021\/12\/GC_ATRAPASUENOS.png\",\"contentUrl\":\"http:\/\/www.atrapasuenos.cl\/wp-content\/uploads\/2021\/12\/GC_ATRAPASUENOS.png\",\"width\":300,\"height\":300,\"caption\":\"Corporaci\u00f3n Atrapasue\u00f1os\"},\"image\":{\"@id\":\"https:\/\/atrapasuenos.cl\/#\/schema\/logo\/image\/\"},\"sameAs\":[\"https:\/\/www.facebook.com\/atrapasuenos.cl\",\"https:\/\/www.instagram.com\/atrapasuenos.corp\/\"]}]}<\/script>\n<!-- \/ Yoast SEO plugin. -->","yoast_head_json":{"title":"NUESTRO PROP\u00d3SITO - Corporaci\u00f3n Atrapasue\u00f1os","robots":{"index":"index","follow":"follow","max-snippet":"max-snippet:-1","max-image-preview":"max-image-preview:large","max-video-preview":"max-video-preview:-1"},"canonical":"https:\/\/atrapasuenos.cl\/?page_id=2355","og_locale":"es_ES","og_type":"article","og_title":"NUESTRO PROP\u00d3SITO - Corporaci\u00f3n Atrapasue\u00f1os","og_description":"Atrapasue\u00f1os surge con el prop\u00f3sito de desarrollar estrategias y oportunidades para comunidades vulnerables que se encuentran en riesgo psicosocial y que est\u00e1n afectadas por alguna condici\u00f3n de Salud Mental y no tienen los recursos para acceder a ella.","og_url":"https:\/\/atrapasuenos.cl\/?page_id=2355","og_site_name":"Corporaci\u00f3n Atrapasue\u00f1os","article_publisher":"https:\/\/www.facebook.com\/atrapasuenos.cl","article_modified_time":"2023-08-01T21:17:56+00:00","og_image":[{"url":"https:\/\/qa.atrapasuenos.cl\/wp-content\/uploads\/2023\/07\/9-1-1030x579.jpg"}],"twitter_card":"summary_large_image","twitter_misc":{"Tiempo de lectura":"1 minuto"},"schema":{"@context":"https:\/\/schema.org","@graph":[{"@type":"WebPage","@id":"https:\/\/atrapasuenos.cl\/?page_id=2355","url":"https:\/\/atrapasuenos.cl\/?page_id=2355","name":"NUESTRO PROP\u00d3SITO - Corporaci\u00f3n Atrapasue\u00f1os","isPartOf":{"@id":"https:\/\/atrapasuenos.cl\/#website"},"primaryImageOfPage":{"@id":"https:\/\/atrapasuenos.cl\/?page_id=2355#primaryimage"},"image":{"@id":"https:\/\/atrapasuenos.cl\/?page_id=2355#primaryimage"},"thumbnailUrl":"https:\/\/qa.atrapasuenos.cl\/wp-content\/uploads\/2023\/07\/9-1-1030x579.jpg","datePublished":"2023-07-24T21:24:22+00:00","dateModified":"2023-08-01T21:17:56+00:00","breadcrumb":{"@id":"https:\/\/atrapasuenos.cl\/?page_id=2355#breadcrumb"},"inLanguage":"es","potentialAction":[{"@type":"ReadAction","target":["https:\/\/atrapasuenos.cl\/?page_id=2355"]}]},{"@type":"ImageObject","inLanguage":"es","@id":"https:\/\/atrapasuenos.cl\/?page_id=2355#primaryimage","url":"https:\/\/qa.atrapasuenos.cl\/wp-content\/uploads\/2023\/07\/9-1-1030x579.jpg","contentUrl":"https:\/\/qa.atrapasuenos.cl\/wp-content\/uploads\/2023\/07\/9-1-1030x579.jpg"},{"@type":"BreadcrumbList","@id":"https:\/\/atrapasuenos.cl\/?page_id=2355#breadcrumb","itemListElement":[{"@type":"ListItem","position":1,"name":"Portada","item":"https:\/\/atrapasuenos.cl\/"},{"@type":"ListItem","position":2,"name":"NUESTRO PROP\u00d3SITO"}]},{"@type":"WebSite","@id":"https:\/\/atrapasuenos.cl\/#website","url":"https:\/\/atrapasuenos.cl\/","name":"Corporaci\u00f3n Atrapasue\u00f1os","description":"ILUMINA UNA VIDA, DONA SALUD MENTAL","publisher":{"@id":"https:\/\/atrapasuenos.cl\/#organization"},"potentialAction":[{"@type":"SearchAction","target":{"@type":"EntryPoint","urlTemplate":"https:\/\/atrapasuenos.cl\/?s={search_term_string}"},"query-input":{"@type":"PropertyValueSpecification","valueRequired":true,"valueName":"search_term_string"}}],"inLanguage":"es"},{"@type":"Organization","@id":"https:\/\/atrapasuenos.cl\/#organization","name":"Corporaci\u00f3n Atrapasue\u00f1os","url":"https:\/\/atrapasuenos.cl\/","logo":{"@type":"ImageObject","inLanguage":"es","@id":"https:\/\/atrapasuenos.cl\/#\/schema\/logo\/image\/","url":"http:\/\/www.atrapasuenos.cl\/wp-content\/uploads\/2021\/12\/GC_ATRAPASUENOS.png","contentUrl":"http:\/\/www.atrapasuenos.cl\/wp-content\/uploads\/2021\/12\/GC_ATRAPASUENOS.png","width":300,"height":300,"caption":"Corporaci\u00f3n Atrapasue\u00f1os"},"image":{"@id":"https:\/\/atrapasuenos.cl\/#\/schema\/logo\/image\/"},"sameAs":["https:\/\/www.facebook.com\/atrapasuenos.cl","https:\/\/www.instagram.com\/atrapasuenos.corp\/"]}]}},"_links":{"self":[{"href":"https:\/\/atrapasuenos.cl\/index.php?rest_route=\/wp\/v2\/pages\/2355","targetHints":{"allow":["GET"]}}],"collection":[{"href":"https:\/\/atrapasuenos.cl\/index.php?rest_route=\/wp\/v2\/pages"}],"about":[{"href":"https:\/\/atrapasuenos.cl\/index.php?rest_route=\/wp\/v2\/types\/page"}],"author":[{"embeddable":true,"href":"https:\/\/atrapasuenos.cl\/index.php?rest_route=\/wp\/v2\/users\/3"}],"replies":[{"embeddable":true,"href":"https:\/\/atrapasuenos.cl\/index.php?rest_route=%2Fwp%2Fv2%2Fcomments&post=2355"}],"version-history":[{"count":9,"href":"https:\/\/atrapasuenos.cl\/index.php?rest_route=\/wp\/v2\/pages\/2355\/revisions"}],"predecessor-version":[{"id":2561,"href":"https:\/\/atrapasuenos.cl\/index.php?rest_route=\/wp\/v2\/pages\/2355\/revisions\/2561"}],"wp:attachment":[{"href":"https:\/\/atrapasuenos.cl\/index.php?rest_route=%2Fwp%2Fv2%2Fmedia&parent=2355"}],"curies":[{"name":"wp","href":"https:\/\/api.w.org\/{rel}","templated":true}]}}